{"id":102,"date":"2023-11-27T19:49:33","date_gmt":"2023-11-27T19:49:33","guid":{"rendered":"https:\/\/location-paladru.com\/?page_id=102"},"modified":"2024-01-02T18:13:16","modified_gmt":"2024-01-02T17:13:16","slug":"plage","status":"publish","type":"page","link":"https:\/\/location-paladru.com\/?page_id=102","title":{"rendered":"Plages"},"content":{"rendered":"","protected":false},"excerpt":{"rendered":"<p>Plongez dans le plaisir des plages du Lac de Paladru : d\u00e9couvrez nos magnifiques rivages et pr\u00e9parez votre escapade estivale id\u00e9ale en visitant notre page d\u00e9di\u00e9e.<\/p>\n","protected":false},"author":1,"featured_media":672,"parent":0,"menu_order":0,"comment_status":"closed","ping_status":"open","template":"","meta":{"footnotes":""},"class_list":["post-102","page","type-page","status-publish","has-post-thumbnail","hentry"],"jetpack_sharing_enabled":true,"_links":{"self":[{"href":"https:\/\/location-paladru.com\/index.php?rest_route=\/wp\/v2\/pages\/102","targetHints":{"allow":["GET"]}}],"collection":[{"href":"https:\/\/location-paladru.com\/index.php?rest_route=\/wp\/v2\/pages"}],"about":[{"href":"https:\/\/location-paladru.com\/index.php?rest_route=\/wp\/v2\/types\/page"}],"author":[{"embeddable":true,"href":"https:\/\/location-paladru.com\/index.php?rest_route=\/wp\/v2\/users\/1"}],"replies":[{"embeddable":true,"href":"https:\/\/location-paladru.com\/index.php?rest_route=%2Fwp%2Fv2%2Fcomments&post=102"}],"version-history":[{"count":0,"href":"https:\/\/location-paladru.com\/index.php?rest_route=\/wp\/v2\/pages\/102\/revisions"}],"wp:featuredmedia":[{"embeddable":true,"href":"https:\/\/location-paladru.com\/index.php?rest_route=\/wp\/v2\/media\/672"}],"wp:attachment":[{"href":"https:\/\/location-paladru.com\/index.php?rest_route=%2Fwp%2Fv2%2Fmedia&parent=102"}],"curies":[{"name":"wp","href":"https:\/\/api.w.org\/{rel}","templated":true}]}}