{"id":740,"date":"2024-01-02T21:12:22","date_gmt":"2024-01-02T20:12:22","guid":{"rendered":"https:\/\/location-paladru.com\/?page_id=740"},"modified":"2024-02-10T22:01:27","modified_gmt":"2024-02-10T21:01:27","slug":"natur-und-sport","status":"publish","type":"page","link":"https:\/\/location-paladru.com\/?page_id=740&lang=de","title":{"rendered":"Natur und Sport"},"content":{"rendered":"\n<h2 class=\"wp-block-heading\">Erkunden Sie die Natur um dem Paladru See<\/h2>\n\n\n\n<p>Willkommen im gr\u00fcnen Paradies des Lac de Paladru, ein Paradies f\u00fcr Naturliebhaber und Abenteurer, die Outdoor-Aktivit\u00e4ten suchen. Umgeben von atemberaubenden Landschaften bietet der See eine ideale Kulisse f\u00fcr eine Vielzahl von Outdoor-Aktivit\u00e4ten. Ob Sie ein leidenschaftlicher Wanderer, ein Trail-Runner auf der Suche nach neuen Herausforderungen, ein Mountainbiker, der kurvenreiche Pfade erkunden m\u00f6chte, oder einfach ein Naturliebhaber auf der Suche nach Ruhe sind, der Lac de Paladru hat f\u00fcr jeden etwas zu bieten. Unsere markierten Wege f\u00fchren Sie durch \u00fcppige W\u00e4lder, sanfte H\u00fcgel und bieten atemberaubende Ausblicke auf den See, was einzigartige Erlebnisse inmitten der Natur verspricht. Schlie\u00dfen Sie sich uns f\u00fcr ein unvergessliches Abenteuer an und entdecken Sie die verborgenen Sch\u00e4tze des Lac de Paladru durch eine Vielzahl von bereichernden Outdoor-Aktivit\u00e4ten.<\/p>\n\n\n\n<h3 class=\"wp-block-heading\">Wanderungen rund um den Lac de Paladru<\/h3>\n\n\n\n<div class=\"wp-block-media-text is-stacked-on-mobile\" style=\"grid-template-columns:35% auto\"><figure class=\"wp-block-media-text__media\"><img data-recalc-dims=\"1\" loading=\"lazy\" decoding=\"async\" width=\"1024\" height=\"1024\" src=\"https:\/\/i0.wp.com\/location-paladru.com\/wp-content\/uploads\/2024\/01\/photos-site-.png?resize=1024%2C1024&#038;ssl=1\" alt=\"randonn\u00e9es lac de paladru\" class=\"wp-image-709 size-full\" srcset=\"https:\/\/i0.wp.com\/location-paladru.com\/wp-content\/uploads\/2024\/01\/photos-site-.png?resize=1024%2C1024&amp;ssl=1 1024w, https:\/\/i0.wp.com\/location-paladru.com\/wp-content\/uploads\/2024\/01\/photos-site-.png?resize=300%2C300&amp;ssl=1 300w, https:\/\/i0.wp.com\/location-paladru.com\/wp-content\/uploads\/2024\/01\/photos-site-.png?resize=150%2C150&amp;ssl=1 150w, https:\/\/i0.wp.com\/location-paladru.com\/wp-content\/uploads\/2024\/01\/photos-site-.png?resize=768%2C768&amp;ssl=1 768w, https:\/\/i0.wp.com\/location-paladru.com\/wp-content\/uploads\/2024\/01\/photos-site-.png?w=1080&amp;ssl=1 1080w\" sizes=\"auto, (max-width: 1000px) 100vw, 1000px\" \/><\/figure><div class=\"wp-block-media-text__content\">\n<p>Suchen Sie nach tollen Wanderideen rund um den Lac de Paladru? Sie sind hier genau richtig! Diese Region ist ein kleines Paradies f\u00fcr Wanderer. Es gibt Wege f\u00fcr jeden Geschmack, egal ob Sie einen ruhigen Spaziergang am Wasser oder ein dynamischeres Abenteuer in den H\u00fcgeln suchen. Um die perfekte Route zu finden, besuchen Sie <a href=\"https:\/\/de.tourisme.paysvoironnais.com\/activites-pleine-nature\/balade-rando\/toutes-nos-randonnees\/\" target=\"_blank\" rel=\"noreferrer noopener\">Tourisme Pays Voironnais<\/a> und <a href=\"https:\/\/www.visorando.com\/randonnee-lac-de-paladru-2.html\" target=\"_blank\" rel=\"noreferrer noopener\">Visorando<\/a>. Diese Wanderungen sind eine gro\u00dfartige M\u00f6glichkeit, die Region zu entdecken und Ihren Aufenthalt unvergesslich zu machen. Wir beraten Sie auch gerne zu den besten Routen je nach Ihren W\u00fcnschen.<\/p>\n<\/div><\/div>\n\n\n\n<h3 class=\"wp-block-heading\">Trail-Paradies rund um den Lac de Paladru<\/h3>\n\n\n\n<div class=\"wp-block-media-text has-media-on-the-right is-stacked-on-mobile\" style=\"grid-template-columns:auto 35%\"><div class=\"wp-block-media-text__content\">\n<p>F\u00fcr Trail-Lauf-Begeisterte ist der Lac de Paladru ein echtes Spielplatz. Mit einer Vielzahl von verf\u00fcgbaren Strecken, von sanften Wegen f\u00fcr Anf\u00e4nger bis hin zu technischen Pfaden f\u00fcr erfahrene L\u00e4ufer, gibt es etwas f\u00fcr jedes Niveau. Die Strecken schl\u00e4ngeln sich durch verschiedene Landschaften und bieten atemberaubende Ausblicke auf den See und die Umgebung. Um Ihr n\u00e4chstes Abenteuer auszuw\u00e4hlen, besuchen Sie <a href=\"https:\/\/de.tourisme.paysvoironnais.com\/activites-pleine-nature\/trail\/circuits-trail\/\" target=\"_blank\" rel=\"noreferrer noopener\">diese Webseite<\/a>, wo Sie eine Auswahl an Trail-Strecken finden. Neben den ganzj\u00e4hrig verf\u00fcgbaren Strecken verpassen Sie nicht das Hauptereignis: den Trail du Lac de Paladru, der jedes Jahr im April stattfindet. Dieser Trail, bekannt f\u00fcr seine anspruchsvolle, aber wundersch\u00f6ne Strecke, zieht L\u00e4ufer aus der ganzen Region und dar\u00fcber hinaus an. F\u00fcr weitere Informationen besuchen Sie <a href=\"https:\/\/www.traildulacdepaladru.fr\/\" target=\"_blank\" rel=\"noreferrer noopener\">die offizielle Website des Trail du Lac de Paladru<\/a>. Ob Sie dort sind, um Ihren pers\u00f6nlichen Rekord zu brechen oder einfach das Rennen in einer au\u00dfergew\u00f6hnlichen Umgebung zu genie\u00dfen, der Lac de Paladru ist der ideale Ort, um Ihre Leidenschaft f\u00fcr Trail-Lauf zu leben.<\/p>\n<\/div><figure class=\"wp-block-media-text__media\"><img data-recalc-dims=\"1\" loading=\"lazy\" decoding=\"async\" width=\"1024\" height=\"1024\" src=\"https:\/\/i0.wp.com\/location-paladru.com\/wp-content\/uploads\/2024\/01\/photos-site-1-1.png?resize=1024%2C1024&#038;ssl=1\" alt=\"trail isere paladru\" class=\"wp-image-718 size-full\" srcset=\"https:\/\/i0.wp.com\/location-paladru.com\/wp-content\/uploads\/2024\/01\/photos-site-1-1.png?resize=1024%2C1024&amp;ssl=1 1024w, https:\/\/i0.wp.com\/location-paladru.com\/wp-content\/uploads\/2024\/01\/photos-site-1-1.png?resize=300%2C300&amp;ssl=1 300w, https:\/\/i0.wp.com\/location-paladru.com\/wp-content\/uploads\/2024\/01\/photos-site-1-1.png?resize=150%2C150&amp;ssl=1 150w, https:\/\/i0.wp.com\/location-paladru.com\/wp-content\/uploads\/2024\/01\/photos-site-1-1.png?resize=768%2C768&amp;ssl=1 768w, https:\/\/i0.wp.com\/location-paladru.com\/wp-content\/uploads\/2024\/01\/photos-site-1-1.png?w=1080&amp;ssl=1 1080w\" sizes=\"auto, (max-width: 1000px) 100vw, 1000px\" \/><\/figure><\/div>\n\n\n\n<h3 class=\"wp-block-heading\">Mountainbike-Pfade rund um den Lac de Paladru<\/h3>\n\n\n\n<div class=\"wp-block-media-text is-stacked-on-mobile\" style=\"grid-template-columns:35% auto\"><figure class=\"wp-block-media-text__media\"><img data-recalc-dims=\"1\" loading=\"lazy\" decoding=\"async\" width=\"1024\" height=\"1024\" src=\"https:\/\/i0.wp.com\/location-paladru.com\/wp-content\/uploads\/2024\/01\/photos-site-2-1.png?resize=1024%2C1024&#038;ssl=1\" alt=\"vtt is\u00e8re paladru electronique\" class=\"wp-image-734 size-full\" srcset=\"https:\/\/i0.wp.com\/location-paladru.com\/wp-content\/uploads\/2024\/01\/photos-site-2-1.png?resize=1024%2C1024&amp;ssl=1 1024w, https:\/\/i0.wp.com\/location-paladru.com\/wp-content\/uploads\/2024\/01\/photos-site-2-1.png?resize=300%2C300&amp;ssl=1 300w, https:\/\/i0.wp.com\/location-paladru.com\/wp-content\/uploads\/2024\/01\/photos-site-2-1.png?resize=150%2C150&amp;ssl=1 150w, https:\/\/i0.wp.com\/location-paladru.com\/wp-content\/uploads\/2024\/01\/photos-site-2-1.png?resize=768%2C768&amp;ssl=1 768w, https:\/\/i0.wp.com\/location-paladru.com\/wp-content\/uploads\/2024\/01\/photos-site-2-1.png?w=1080&amp;ssl=1 1080w\" sizes=\"auto, (max-width: 1000px) 100vw, 1000px\" \/><\/figure><div class=\"wp-block-media-text__content\">\n<p>Der Lac de Paladru ist ein Paradies f\u00fcr Mountainbike-Begeisterte. Mit speziell markierten Strecken f\u00fcr alle Niveaus ist es der ideale Ort, um die Region auf zwei R\u00e4dern zu erkunden. Die Strecken sind gut gekennzeichnet, sodass Sie sich voll und ganz auf den Spa\u00df der Fahrt und die herrlichen Panoramen konzentrieren k\u00f6nnen. Um Ihre Route zu planen, besuchen Sie <a href=\"https:\/\/de.tourisme.paysvoironnais.com\/activites-pleine-nature\/a-velo\/espace-vtt\/\" target=\"_blank\" rel=\"noreferrer noopener\">Tourisme Pays Voironnais<\/a>, wo Sie Karten und detaillierte Informationen \u00fcber die Strecken finden. Wenn Sie kein Mountainbike haben, kein Problem! Sie k\u00f6nnen eines bei <a href=\"https:\/\/naturavelo.com\/\" target=\"_blank\" rel=\"noreferrer noopener\">NaturaV\u00e9lo<\/a> mieten, die auch elektrische Mountainbikes anbieten. Diese sind perfekt f\u00fcr diejenigen, die bei ihrer Erkundung Unterst\u00fctzung w\u00fcnschen, was das Abenteuer f\u00fcr alle zug\u00e4nglich macht<\/p>\n<\/div><\/div>\n\n\n\n<h3 class=\"wp-block-heading\">Wanderreiten<\/h3>\n\n\n\n<div class=\"wp-block-media-text has-media-on-the-right is-stacked-on-mobile\" style=\"grid-template-columns:auto 35%\"><div class=\"wp-block-media-text__content\">\n<p>F\u00fcr Reitbegeisterte bietet unsere Region ein einzigartiges Erlebnis von Reittouren. Wenn Sie Ihr Pferd mit in den Urlaub nehmen m\u00f6chten, haben wir alles f\u00fcr Sie vorbereitet. Sie haben die M\u00f6glichkeit, wundersch\u00f6ne Ausritte in der Umgebung zu genie\u00dfen und malerische Wege und atemberaubende Landschaften zu erkunden. Wir bieten geeignete Unterbringungsm\u00f6glichkeiten f\u00fcr Ihren Pferdegef\u00e4hrten: Unsere Wiesen, die sich einige Kilometer von der Unterkunft entfernt befinden, sind perfekt f\u00fcr Pferde, die offene Fl\u00e4chen sch\u00e4tzen. Wenn Sie eine strukturiertere Unterbringung bevorzugen, k\u00f6nnen wir auch lokale St\u00e4lle empfehlen, die bequeme Boxen anbieten. Um die Unterbringung Ihres Pferdes bestm\u00f6glich zu organisieren und die verschiedenen Optionen zu besprechen, z\u00f6gern Sie nicht, uns zu kontaktieren.<\/p>\n<\/div><figure class=\"wp-block-media-text__media\"><img data-recalc-dims=\"1\" loading=\"lazy\" decoding=\"async\" width=\"1024\" height=\"1024\" src=\"https:\/\/i0.wp.com\/location-paladru.com\/wp-content\/uploads\/2024\/01\/photos-site-3.png?resize=1024%2C1024&#038;ssl=1\" alt=\"Randonn\u00e9es \u00e9questres paladru is\u00e8re france\" class=\"wp-image-738 size-full\" srcset=\"https:\/\/i0.wp.com\/location-paladru.com\/wp-content\/uploads\/2024\/01\/photos-site-3.png?resize=1024%2C1024&amp;ssl=1 1024w, https:\/\/i0.wp.com\/location-paladru.com\/wp-content\/uploads\/2024\/01\/photos-site-3.png?resize=300%2C300&amp;ssl=1 300w, https:\/\/i0.wp.com\/location-paladru.com\/wp-content\/uploads\/2024\/01\/photos-site-3.png?resize=150%2C150&amp;ssl=1 150w, https:\/\/i0.wp.com\/location-paladru.com\/wp-content\/uploads\/2024\/01\/photos-site-3.png?resize=768%2C768&amp;ssl=1 768w, https:\/\/i0.wp.com\/location-paladru.com\/wp-content\/uploads\/2024\/01\/photos-site-3.png?w=1080&amp;ssl=1 1080w\" sizes=\"auto, (max-width: 1000px) 100vw, 1000px\" \/><\/figure><\/div>\n","protected":false},"excerpt":{"rendered":"<p>Erkunden Sie die Natur um dem Paladru See Willkommen im gr\u00fcnen Paradies des Lac de Paladru, ein Paradies f\u00fcr Naturliebhaber und Abenteurer, die Outdoor-Aktivit\u00e4ten suchen. Umgeben von atemberaubenden Landschaften bietet der See eine ideale Kulisse f\u00fcr eine Vielzahl von Outdoor-Aktivit\u00e4ten. Ob Sie ein leidenschaftlicher Wanderer, ein Trail-Runner auf der Suche nach neuen Herausforderungen, ein Mountainbiker, [&hellip;]<\/p>\n","protected":false},"author":2,"featured_media":708,"parent":0,"menu_order":0,"comment_status":"closed","ping_status":"open","template":"","meta":{"footnotes":""},"class_list":["post-740","page","type-page","status-publish","has-post-thumbnail","hentry"],"jetpack_sharing_enabled":true,"_links":{"self":[{"href":"https:\/\/location-paladru.com\/index.php?rest_route=\/wp\/v2\/pages\/740","targetHints":{"allow":["GET"]}}],"collection":[{"href":"https:\/\/location-paladru.com\/index.php?rest_route=\/wp\/v2\/pages"}],"about":[{"href":"https:\/\/location-paladru.com\/index.php?rest_route=\/wp\/v2\/types\/page"}],"author":[{"embeddable":true,"href":"https:\/\/location-paladru.com\/index.php?rest_route=\/wp\/v2\/users\/2"}],"replies":[{"embeddable":true,"href":"https:\/\/location-paladru.com\/index.php?rest_route=%2Fwp%2Fv2%2Fcomments&post=740"}],"version-history":[{"count":0,"href":"https:\/\/location-paladru.com\/index.php?rest_route=\/wp\/v2\/pages\/740\/revisions"}],"wp:featuredmedia":[{"embeddable":true,"href":"https:\/\/location-paladru.com\/index.php?rest_route=\/wp\/v2\/media\/708"}],"wp:attachment":[{"href":"https:\/\/location-paladru.com\/index.php?rest_route=%2Fwp%2Fv2%2Fmedia&parent=740"}],"curies":[{"name":"wp","href":"https:\/\/api.w.org\/{rel}","templated":true}]}}